{"id":1701,"date":"2021-12-16T16:15:34","date_gmt":"2021-12-16T15:15:34","guid":{"rendered":"https:\/\/www.ecsoen.com\/icf-block-specifications\/"},"modified":"2024-06-28T15:22:42","modified_gmt":"2024-06-28T13:22:42","slug":"icf-block-specifications","status":"publish","type":"page","link":"https:\/\/www.ecsoen.com\/en\/icf-block-specifications\/","title":{"rendered":"ICF Block specifications"},"content":{"rendered":"\t\t<div data-elementor-type=\"wp-page\" data-elementor-id=\"1701\" class=\"elementor elementor-1701\" data-elementor-post-type=\"page\">\n\t\t\t\t\t\t<header data-particle_enable=\"false\" data-particle-mobile-disabled=\"false\" data-dce-background-overlay-color=\"#2F313A\" data-dce-background-image-url=\"https:\/\/www.ecsoen.com\/wp-content\/uploads\/2020\/07\/fons_ICF-paneli.jpg\" class=\"elementor-section elementor-top-section elementor-element elementor-element-796a526 elementor-section-stretched elementor-section-height-min-height elementor-section-boxed elementor-section-height-default elementor-section-items-middle\" data-id=\"796a526\" data-element_type=\"section\" data-e-type=\"section\" data-settings=\"{&quot;stretch_section&quot;:&quot;section-stretched&quot;,&quot;background_background&quot;:&quot;classic&quot;}\">\n\t\t\t\t\t\t\t<div class=\"elementor-background-overlay\"><\/div>\n\t\t\t\t\t\t\t<div class=\"elementor-container elementor-column-gap-default\">\n\t\t\t\t\t<div class=\"elementor-column elementor-col-100 elementor-top-column elementor-element elementor-element-6b5a9ac\" data-id=\"6b5a9ac\" data-element_type=\"column\" data-e-type=\"column\">\n\t\t\t<div class=\"elementor-widget-wrap elementor-element-populated\">\n\t\t\t\t\t\t<div class=\"elementor-element elementor-element-fbc7502 elementor-widget elementor-widget-heading\" data-id=\"fbc7502\" data-element_type=\"widget\" data-e-type=\"widget\" data-widget_type=\"heading.default\">\n\t\t\t\t<div class=\"elementor-widget-container\">\n\t\t\t\t\t<h1 class=\"elementor-heading-title elementor-size-default\">Block specifications<\/h1>\t\t\t\t<\/div>\n\t\t\t\t<\/div>\n\t\t\t\t\t<\/div>\n\t\t<\/div>\n\t\t\t\t\t<\/div>\n\t\t<\/header>\n\t\t\t\t<section data-particle_enable=\"false\" data-particle-mobile-disabled=\"false\" data-dce-background-color=\"#ffffff\" class=\"elementor-section elementor-top-section elementor-element elementor-element-f8f6784 elementor-section-boxed elementor-section-height-default elementor-section-height-default\" data-id=\"f8f6784\" data-element_type=\"section\" data-e-type=\"section\" data-settings=\"{&quot;background_background&quot;:&quot;classic&quot;}\">\n\t\t\t\t\t\t<div class=\"elementor-container elementor-column-gap-default\">\n\t\t\t\t\t<div class=\"elementor-column elementor-col-100 elementor-top-column elementor-element elementor-element-560cad2\" data-id=\"560cad2\" data-element_type=\"column\" data-e-type=\"column\">\n\t\t\t<div class=\"elementor-widget-wrap elementor-element-populated\">\n\t\t\t\t\t\t<div class=\"elementor-element elementor-element-51bb38f elementor-widget elementor-widget-text-editor\" data-id=\"51bb38f\" data-element_type=\"widget\" data-e-type=\"widget\" data-widget_type=\"text-editor.default\">\n\t\t\t\t<div class=\"elementor-widget-container\">\n\t\t\t\t\t\t\t\t\t<p>We offer various types of ICF blocks. They are available in several thicknesses of insulation layers so that the most suitable ones can be selected for each project.<\/p>\t\t\t\t\t\t\t\t<\/div>\n\t\t\t\t<\/div>\n\t\t\t\t<div class=\"elementor-element elementor-element-da3c173 elementor-widget elementor-widget-text-editor\" data-id=\"da3c173\" data-element_type=\"widget\" data-e-type=\"widget\" data-widget_type=\"text-editor.default\">\n\t\t\t\t<div class=\"elementor-widget-container\">\n\t\t\t\t\t\t\t\t\t<p>To receive information about the available blocks, as well as all the technical information about them, please send a message to the email address <a href=\"mailto:info@ecsoen.com\" target=\"_new\">info@ecsoen.com<\/a> or call 28 454 811.<\/p>\t\t\t\t\t\t\t\t<\/div>\n\t\t\t\t<\/div>\n\t\t\t\t<div class=\"elementor-element elementor-element-69c3128 elementor-widget elementor-widget-text-editor\" data-id=\"69c3128\" data-element_type=\"widget\" data-e-type=\"widget\" data-widget_type=\"text-editor.default\">\n\t\t\t\t<div class=\"elementor-widget-container\">\n\t\t\t\t\t\t\t\t\t<p>Below are some examples from our offer:<\/p>\t\t\t\t\t\t\t\t<\/div>\n\t\t\t\t<\/div>\n\t\t\t\t\t<\/div>\n\t\t<\/div>\n\t\t\t\t\t<\/div>\n\t\t<\/section>\n\t\t\t\t<section data-particle_enable=\"false\" data-particle-mobile-disabled=\"false\" class=\"elementor-section elementor-top-section elementor-element elementor-element-dbfb994 elementor-section-boxed elementor-section-height-default elementor-section-height-default\" data-id=\"dbfb994\" data-element_type=\"section\" data-e-type=\"section\">\n\t\t\t\t\t\t<div class=\"elementor-container elementor-column-gap-default\">\n\t\t\t\t\t<div class=\"elementor-column elementor-col-100 elementor-top-column elementor-element elementor-element-c926e91\" data-id=\"c926e91\" data-element_type=\"column\" data-e-type=\"column\">\n\t\t\t<div class=\"elementor-widget-wrap elementor-element-populated\">\n\t\t\t\t\t\t<div class=\"elementor-element elementor-element-fb016db elementor-widget elementor-widget-heading\" data-id=\"fb016db\" data-element_type=\"widget\" data-e-type=\"widget\" data-widget_type=\"heading.default\">\n\t\t\t\t<div class=\"elementor-widget-container\">\n\t\t\t\t\t<h2 class=\"elementor-heading-title elementor-size-default\">EPS block for walls\/foundations<\/h2>\t\t\t\t<\/div>\n\t\t\t\t<\/div>\n\t\t\t\t<div class=\"elementor-element elementor-element-32d9ae4 dce_masking-none elementor-widget elementor-widget-image\" data-id=\"32d9ae4\" data-element_type=\"widget\" data-e-type=\"widget\" data-widget_type=\"image.default\">\n\t\t\t\t<div class=\"elementor-widget-container\">\n\t\t\t\t\t\t\t\t\t\t\t\t\t\t\t<img decoding=\"async\" width=\"150\" height=\"150\" src=\"https:\/\/www.ecsoen.com\/wp-content\/uploads\/2020\/10\/MC-bloks-ICF-1-150x150.jpg\" class=\"attachment-thumbnail size-thumbnail wp-image-1093\" alt=\"Icf bloku specifik\u0101cija\" \/>\t\t\t\t\t\t\t\t\t\t\t\t\t\t\t<\/div>\n\t\t\t\t<\/div>\n\t\t\t\t\t<\/div>\n\t\t<\/div>\n\t\t\t\t\t<\/div>\n\t\t<\/section>\n\t\t\t\t<\/div>\n\t\t","protected":false},"excerpt":{"rendered":"<p>Block specifications We offer various types of ICF blocks. They are available in several thicknesses of insulation layers so that the most suitable ones can be selected for each project. To receive information about the available blocks, as well as all the technical information about them, please send a message to the email address info@ecsoen.com&#8230;<\/p>\n","protected":false},"author":1,"featured_media":1093,"parent":0,"menu_order":0,"comment_status":"closed","ping_status":"closed","template":"elementor_header_footer","meta":{"_kad_post_transparent":"","_kad_post_title":"","_kad_post_layout":"","_kad_post_sidebar_id":"","_kad_post_content_style":"","_kad_post_vertical_padding":"","_kad_post_feature":"","_kad_post_feature_position":"","_kad_post_header":false,"_kad_post_footer":false,"_kad_post_classname":"","footnotes":""},"class_list":["post-1701","page","type-page","status-publish","has-post-thumbnail","hentry"],"yoast_head":"<!-- This site is optimized with the Yoast SEO plugin v27.0 - https:\/\/yoast.com\/product\/yoast-seo-wordpress\/ -->\n<title>ICF Block specifications | SIA ECSOEN<\/title>\n<meta name=\"description\" content=\"What are the thermal conductivity, technical properties, weight, dimensions, etc. of ICF units?\" \/>\n<meta name=\"robots\" content=\"index, follow, max-snippet:-1, max-image-preview:large, max-video-preview:-1\" \/>\n<link rel=\"canonical\" href=\"https:\/\/www.ecsoen.com\/en\/icf-block-specifications\/\" \/>\n<meta property=\"og:locale\" content=\"en_US\" \/>\n<meta property=\"og:type\" content=\"article\" \/>\n<meta property=\"og:title\" content=\"ICF Block specifications | SIA ECSOEN\" \/>\n<meta property=\"og:description\" content=\"What are the thermal conductivity, technical properties, weight, dimensions, etc. of ICF units?\" \/>\n<meta property=\"og:url\" content=\"https:\/\/www.ecsoen.com\/en\/icf-block-specifications\/\" \/>\n<meta property=\"og:site_name\" content=\"SIA ECSOEN\" \/>\n<meta property=\"article:modified_time\" content=\"2024-06-28T13:22:42+00:00\" \/>\n<meta property=\"og:image\" content=\"https:\/\/www.ecsoen.com\/wp-content\/uploads\/2020\/10\/MC-bloks-ICF-1.jpg\" \/>\n\t<meta property=\"og:image:width\" content=\"540\" \/>\n\t<meta property=\"og:image:height\" content=\"360\" \/>\n\t<meta property=\"og:image:type\" content=\"image\/jpeg\" \/>\n<meta name=\"twitter:card\" content=\"summary_large_image\" \/>\n<meta name=\"twitter:label1\" content=\"Est. reading time\" \/>\n\t<meta name=\"twitter:data1\" content=\"1 minute\" \/>\n<script type=\"application\/ld+json\" class=\"yoast-schema-graph\">{\"@context\":\"https:\/\/schema.org\",\"@graph\":[{\"@type\":\"WebPage\",\"@id\":\"https:\/\/www.ecsoen.com\/en\/icf-block-specifications\/\",\"url\":\"https:\/\/www.ecsoen.com\/en\/icf-block-specifications\/\",\"name\":\"ICF Block specifications | SIA ECSOEN\",\"isPartOf\":{\"@id\":\"https:\/\/www.ecsoen.com\/en\/#website\"},\"primaryImageOfPage\":{\"@id\":\"https:\/\/www.ecsoen.com\/en\/icf-block-specifications\/#primaryimage\"},\"image\":{\"@id\":\"https:\/\/www.ecsoen.com\/en\/icf-block-specifications\/#primaryimage\"},\"thumbnailUrl\":\"https:\/\/www.ecsoen.com\/wp-content\/uploads\/2020\/10\/MC-bloks-ICF-1.jpg\",\"datePublished\":\"2021-12-16T15:15:34+00:00\",\"dateModified\":\"2024-06-28T13:22:42+00:00\",\"description\":\"What are the thermal conductivity, technical properties, weight, dimensions, etc. of ICF units?\",\"breadcrumb\":{\"@id\":\"https:\/\/www.ecsoen.com\/en\/icf-block-specifications\/#breadcrumb\"},\"inLanguage\":\"en-US\",\"potentialAction\":[{\"@type\":\"ReadAction\",\"target\":[\"https:\/\/www.ecsoen.com\/en\/icf-block-specifications\/\"]}]},{\"@type\":\"ImageObject\",\"inLanguage\":\"en-US\",\"@id\":\"https:\/\/www.ecsoen.com\/en\/icf-block-specifications\/#primaryimage\",\"url\":\"https:\/\/www.ecsoen.com\/wp-content\/uploads\/2020\/10\/MC-bloks-ICF-1.jpg\",\"contentUrl\":\"https:\/\/www.ecsoen.com\/wp-content\/uploads\/2020\/10\/MC-bloks-ICF-1.jpg\",\"width\":540,\"height\":360,\"caption\":\"Icf bloku specifik\u0101cija\"},{\"@type\":\"BreadcrumbList\",\"@id\":\"https:\/\/www.ecsoen.com\/en\/icf-block-specifications\/#breadcrumb\",\"itemListElement\":[{\"@type\":\"ListItem\",\"position\":1,\"name\":\"Home\",\"item\":\"https:\/\/www.ecsoen.com\/en\/\"},{\"@type\":\"ListItem\",\"position\":2,\"name\":\"ICF Block specifications\"}]},{\"@type\":\"WebSite\",\"@id\":\"https:\/\/www.ecsoen.com\/en\/#website\",\"url\":\"https:\/\/www.ecsoen.com\/en\/\",\"name\":\"SIA ECSOEN\",\"description\":\"ICF pane\u013cu sist\u0113mas energoefekt\u012bvu m\u0101ju b\u016bvniec\u012bbai\",\"publisher\":{\"@id\":\"https:\/\/www.ecsoen.com\/en\/#organization\"},\"potentialAction\":[{\"@type\":\"SearchAction\",\"target\":{\"@type\":\"EntryPoint\",\"urlTemplate\":\"https:\/\/www.ecsoen.com\/en\/?s={search_term_string}\"},\"query-input\":{\"@type\":\"PropertyValueSpecification\",\"valueRequired\":true,\"valueName\":\"search_term_string\"}}],\"inLanguage\":\"en-US\"},{\"@type\":\"Organization\",\"@id\":\"https:\/\/www.ecsoen.com\/en\/#organization\",\"name\":\"SIA ECSOEN\",\"url\":\"https:\/\/www.ecsoen.com\/en\/\",\"logo\":{\"@type\":\"ImageObject\",\"inLanguage\":\"en-US\",\"@id\":\"https:\/\/www.ecsoen.com\/en\/#\/schema\/logo\/image\/\",\"url\":\"https:\/\/www.ecsoen.com\/wp-content\/uploads\/2020\/10\/ECSOEN_logo_horizontal_420x147_bottom-margin.png\",\"contentUrl\":\"https:\/\/www.ecsoen.com\/wp-content\/uploads\/2020\/10\/ECSOEN_logo_horizontal_420x147_bottom-margin.png\",\"width\":420,\"height\":177,\"caption\":\"SIA ECSOEN\"},\"image\":{\"@id\":\"https:\/\/www.ecsoen.com\/en\/#\/schema\/logo\/image\/\"}}]}<\/script>\n<!-- \/ Yoast SEO plugin. -->","yoast_head_json":{"title":"ICF Block specifications | SIA ECSOEN","description":"What are the thermal conductivity, technical properties, weight, dimensions, etc. of ICF units?","robots":{"index":"index","follow":"follow","max-snippet":"max-snippet:-1","max-image-preview":"max-image-preview:large","max-video-preview":"max-video-preview:-1"},"canonical":"https:\/\/www.ecsoen.com\/en\/icf-block-specifications\/","og_locale":"en_US","og_type":"article","og_title":"ICF Block specifications | SIA ECSOEN","og_description":"What are the thermal conductivity, technical properties, weight, dimensions, etc. of ICF units?","og_url":"https:\/\/www.ecsoen.com\/en\/icf-block-specifications\/","og_site_name":"SIA ECSOEN","article_modified_time":"2024-06-28T13:22:42+00:00","og_image":[{"width":540,"height":360,"url":"https:\/\/www.ecsoen.com\/wp-content\/uploads\/2020\/10\/MC-bloks-ICF-1.jpg","type":"image\/jpeg"}],"twitter_card":"summary_large_image","twitter_misc":{"Est. reading time":"1 minute"},"schema":{"@context":"https:\/\/schema.org","@graph":[{"@type":"WebPage","@id":"https:\/\/www.ecsoen.com\/en\/icf-block-specifications\/","url":"https:\/\/www.ecsoen.com\/en\/icf-block-specifications\/","name":"ICF Block specifications | SIA ECSOEN","isPartOf":{"@id":"https:\/\/www.ecsoen.com\/en\/#website"},"primaryImageOfPage":{"@id":"https:\/\/www.ecsoen.com\/en\/icf-block-specifications\/#primaryimage"},"image":{"@id":"https:\/\/www.ecsoen.com\/en\/icf-block-specifications\/#primaryimage"},"thumbnailUrl":"https:\/\/www.ecsoen.com\/wp-content\/uploads\/2020\/10\/MC-bloks-ICF-1.jpg","datePublished":"2021-12-16T15:15:34+00:00","dateModified":"2024-06-28T13:22:42+00:00","description":"What are the thermal conductivity, technical properties, weight, dimensions, etc. of ICF units?","breadcrumb":{"@id":"https:\/\/www.ecsoen.com\/en\/icf-block-specifications\/#breadcrumb"},"inLanguage":"en-US","potentialAction":[{"@type":"ReadAction","target":["https:\/\/www.ecsoen.com\/en\/icf-block-specifications\/"]}]},{"@type":"ImageObject","inLanguage":"en-US","@id":"https:\/\/www.ecsoen.com\/en\/icf-block-specifications\/#primaryimage","url":"https:\/\/www.ecsoen.com\/wp-content\/uploads\/2020\/10\/MC-bloks-ICF-1.jpg","contentUrl":"https:\/\/www.ecsoen.com\/wp-content\/uploads\/2020\/10\/MC-bloks-ICF-1.jpg","width":540,"height":360,"caption":"Icf bloku specifik\u0101cija"},{"@type":"BreadcrumbList","@id":"https:\/\/www.ecsoen.com\/en\/icf-block-specifications\/#breadcrumb","itemListElement":[{"@type":"ListItem","position":1,"name":"Home","item":"https:\/\/www.ecsoen.com\/en\/"},{"@type":"ListItem","position":2,"name":"ICF Block specifications"}]},{"@type":"WebSite","@id":"https:\/\/www.ecsoen.com\/en\/#website","url":"https:\/\/www.ecsoen.com\/en\/","name":"SIA ECSOEN","description":"ICF pane\u013cu sist\u0113mas energoefekt\u012bvu m\u0101ju b\u016bvniec\u012bbai","publisher":{"@id":"https:\/\/www.ecsoen.com\/en\/#organization"},"potentialAction":[{"@type":"SearchAction","target":{"@type":"EntryPoint","urlTemplate":"https:\/\/www.ecsoen.com\/en\/?s={search_term_string}"},"query-input":{"@type":"PropertyValueSpecification","valueRequired":true,"valueName":"search_term_string"}}],"inLanguage":"en-US"},{"@type":"Organization","@id":"https:\/\/www.ecsoen.com\/en\/#organization","name":"SIA ECSOEN","url":"https:\/\/www.ecsoen.com\/en\/","logo":{"@type":"ImageObject","inLanguage":"en-US","@id":"https:\/\/www.ecsoen.com\/en\/#\/schema\/logo\/image\/","url":"https:\/\/www.ecsoen.com\/wp-content\/uploads\/2020\/10\/ECSOEN_logo_horizontal_420x147_bottom-margin.png","contentUrl":"https:\/\/www.ecsoen.com\/wp-content\/uploads\/2020\/10\/ECSOEN_logo_horizontal_420x147_bottom-margin.png","width":420,"height":177,"caption":"SIA ECSOEN"},"image":{"@id":"https:\/\/www.ecsoen.com\/en\/#\/schema\/logo\/image\/"}}]}},"_links":{"self":[{"href":"https:\/\/www.ecsoen.com\/en\/wp-json\/wp\/v2\/pages\/1701","targetHints":{"allow":["GET"]}}],"collection":[{"href":"https:\/\/www.ecsoen.com\/en\/wp-json\/wp\/v2\/pages"}],"about":[{"href":"https:\/\/www.ecsoen.com\/en\/wp-json\/wp\/v2\/types\/page"}],"author":[{"embeddable":true,"href":"https:\/\/www.ecsoen.com\/en\/wp-json\/wp\/v2\/users\/1"}],"replies":[{"embeddable":true,"href":"https:\/\/www.ecsoen.com\/en\/wp-json\/wp\/v2\/comments?post=1701"}],"version-history":[{"count":10,"href":"https:\/\/www.ecsoen.com\/en\/wp-json\/wp\/v2\/pages\/1701\/revisions"}],"predecessor-version":[{"id":2371,"href":"https:\/\/www.ecsoen.com\/en\/wp-json\/wp\/v2\/pages\/1701\/revisions\/2371"}],"wp:featuredmedia":[{"embeddable":true,"href":"https:\/\/www.ecsoen.com\/en\/wp-json\/wp\/v2\/media\/1093"}],"wp:attachment":[{"href":"https:\/\/www.ecsoen.com\/en\/wp-json\/wp\/v2\/media?parent=1701"}],"curies":[{"name":"wp","href":"https:\/\/api.w.org\/{rel}","templated":true}]}}